{"id":343,"date":"2025-02-19T17:56:37","date_gmt":"2025-02-19T16:56:37","guid":{"rendered":"https:\/\/awo-bielefeld.org\/weiterbildung\/?page_id=343"},"modified":"2025-02-19T17:56:38","modified_gmt":"2025-02-19T16:56:38","slug":"hinweisgebersystem","status":"publish","type":"page","link":"https:\/\/awo-bielefeld.org\/weiterbildung\/hinweisgebersystem\/","title":{"rendered":"Hinweisgebersystem"},"content":{"rendered":"\n<div class=\"wp-block-columns is-layout-flex wp-container-core-columns-is-layout-d0b3c9c8 wp-block-columns-is-layout-flex\">\n<div class=\"wp-block-column is-layout-flow wp-block-column-is-layout-flow\">\n<p>Falls Hin\u00adweise zu m\u00f6glichem Fehlver\u00adhal\u00adten oder Ver\u00adst\u00f6\u00dfen gegen unseren Ver\u00adhal\u00adtenskodex oder Geset\u00adze vor\u00adliegen, k\u00f6n\u00adnen diese \u00fcber einen gesch\u00fctzten exter\u00adnen Kanal gemeldet wer\u00adden.<\/p>\n\n\n\n<p>Dazu haben wir eine Hin\u00adweis\u00adge\u00adber-Hot\u00adline und ein Hin\u00adweis\u00adge\u00adber-Por\u00adtal ein\u00adgerichtet, wo Mitarbeiter*innen, Gesch\u00e4ftspart\u00adner, Liefer\u00adan\u00adten oder Dien\u00adstleis\u00adter betrieb\u00ads\u00adbe\u00adzo\u00adgene Rechtsver\u00adst\u00f6\u00dfe offen mit Namen\u00adsnen\u00adnung aber auch anonym melden k\u00f6n\u00adnen.<\/p>\n\n\n\n<p>Das Hin\u00adweis\u00adge\u00adber\u00adsys\u00adtem ist tele\u00adfonisch oder per Online-For\u00admu\u00adlar erre\u00adich\u00adbar:<\/p>\n\n\n\n<p class=\"has-text-align-left\"><strong>Tele\u00adfon:&nbsp;+49 800 38 00 999&nbsp;(Mo.-Fr.: 9\u201317&nbsp;Uhr)<\/strong><\/p>\n\n\n\n<div class=\"wp-block-buttons is-layout-flex wp-block-buttons-is-layout-flex\">\n<div class=\"wp-block-button\"><a class=\"wp-block-button__link has-luminous-vivid-amber-background-color has-background wp-element-button\" href=\"https:\/\/app.legaltegrity.com\/report\/14c07920-f74c-4de7-9740-205d98fe2241\">Zum Hin\u00adweis\u00adge\u00adber\u00adsys\u00adtem<\/a><\/div>\n<\/div>\n\n\n\n<p>Wir gehen allen Hin\u00adweisen auf Ver\u00adst\u00f6\u00dfe sorgf\u00e4ltig nach und behan\u00addeln diese im gr\u00f6\u00dft\u00adm\u00f6glichen Umfang ver\u00adtraulich. Der&nbsp;AWO&nbsp;Kreisver\u00adband Biele\u00adfeld e.V. toleriert keine Benachteili\u00adgung von Hinweisgeber*innen, die m\u00f6gliche oder tat\u00ads\u00e4ch\u00adliche Ver\u00adst\u00f6\u00dfe melden \u2013 es sei denn, die Hin\u00adweise wur\u00adden vors\u00e4t\u00adzlich miss\u00adbr\u00e4uch\u00adlich gegeben.<\/p>\n<\/div>\n\n\n\n<div class=\"wp-block-column is-layout-flow wp-block-column-is-layout-flow\">\n<figure class=\"wp-block-image size-full\"><a href=\"https:\/\/app.legaltegrity.com\/report\/14c07920-f74c-4de7-9740-205d98fe2241\"><img loading=\"lazy\" decoding=\"async\" width=\"181\" height=\"219\" src=\"https:\/\/awo-bielefeld.org\/weiterbildung\/wp-content\/uploads\/sites\/9\/2025\/02\/QR-Code_Hinweisgebersystem.webp\" alt=\"Ein QR-Code, der zum Hinweisgebersystem f\u00fchrt.\" class=\"wp-image-344\"><\/a><\/figure>\n<\/div>\n<\/div>\n","protected":false},"excerpt":{"rendered":"<p>Falls Hin\u00adweise zu m\u00f6glichem Fehlver\u00adhal\u00adten oder Ver\u00adst\u00f6\u00dfen gegen unseren Ver\u00adhal\u00adtenskodex oder Geset\u00adze vor\u00adliegen, k\u00f6n\u00adnen diese \u00fcber einen gesch\u00fctzten exter\u00adnen Kanal gemeldet wer\u00adden. Dazu haben wir eine Hin\u00adweis\u00adge\u00adber-Hot\u00ad\u00adline und ein Hin\u00adweis\u00adge\u00adber-Por\u00ad\u00adtal ein\u00adgerichtet, wo Mitarbeiter*innen, Gesch\u00e4ftspart\u00adner, Liefer\u00adan\u00adten oder Dien\u00adstleis\u00adter betrieb\u00ads\u00adbe\u00adzo\u00adgene Rechtsver\u00adst\u00f6\u00dfe offen mit Namen\u00adsnen\u00adnung aber auch anonym melden k\u00f6n\u00adnen. Das Hin\u00adweis\u00adge\u00adber\u00adsys\u00adtem ist tele\u00adfonisch oder per Online-For\u00ad\u00admu\u00adlar erre\u00adich\u00adbar: [\u2026]<\/p>\n","protected":false},"author":1,"featured_media":0,"parent":0,"menu_order":0,"comment_status":"closed","ping_status":"closed","template":"","meta":{"wp_typography_post_enhancements_disabled":false,"footnotes":""},"class_list":["post-343","page","type-page","status-publish","hentry"],"publishpress_future_action":{"enabled":false,"date":"2026-05-06 17:39:47","action":"change-status","newStatus":"draft","terms":[],"taxonomy":"","extraData":[]},"publishpress_future_workflow_manual_trigger":{"enabledWorkflows":[]},"_links":{"self":[{"href":"https:\/\/awo-bielefeld.org\/weiterbildung\/wp-json\/wp\/v2\/pages\/343","targetHints":{"allow":["GET"]}}],"collection":[{"href":"https:\/\/awo-bielefeld.org\/weiterbildung\/wp-json\/wp\/v2\/pages"}],"about":[{"href":"https:\/\/awo-bielefeld.org\/weiterbildung\/wp-json\/wp\/v2\/types\/page"}],"author":[{"embeddable":true,"href":"https:\/\/awo-bielefeld.org\/weiterbildung\/wp-json\/wp\/v2\/users\/1"}],"replies":[{"embeddable":true,"href":"https:\/\/awo-bielefeld.org\/weiterbildung\/wp-json\/wp\/v2\/comments?post=343"}],"version-history":[{"count":1,"href":"https:\/\/awo-bielefeld.org\/weiterbildung\/wp-json\/wp\/v2\/pages\/343\/revisions"}],"predecessor-version":[{"id":345,"href":"https:\/\/awo-bielefeld.org\/weiterbildung\/wp-json\/wp\/v2\/pages\/343\/revisions\/345"}],"wp:attachment":[{"href":"https:\/\/awo-bielefeld.org\/weiterbildung\/wp-json\/wp\/v2\/media?parent=343"}],"curies":[{"name":"wp","href":"https:\/\/api.w.org\/{rel}","templated":true}]}}